{"id":6,"date":"2019-02-07T19:52:01","date_gmt":"2019-02-07T19:52:01","guid":{"rendered":"https:\/\/sapad.gob.mx\/?page_id=6"},"modified":"2019-02-14T21:25:05","modified_gmt":"2019-02-14T21:25:05","slug":"bienvenido","status":"publish","type":"page","link":"https:\/\/sapad.gob.mx\/historico\/","title":{"rendered":"Bienvenido"},"content":{"rendered":"<p>[et_pb_section fb_built=\u00bb1&#8243; fullwidth=\u00bbon\u00bb admin_label=\u00bbHero Section\u00bb _builder_version=\u00bb3.19.12&#8243; background_image=\u00bbhttps:\/\/sapad.gob.mx\/historico\/wp-content\/uploads\/2019\/02\/SAPADportadaweb-1.jpg\u00bb parallax=\u00bbon\u00bb custom_padding=\u00bb|||\u00bb][et_pb_fullwidth_header subhead=\u00bbSistema de Agua Potable y Alcantarillado Descentralizado Los Reyes \u00bb button_one_text=\u00bb\u00bfD\u00f3nde pagar?\u00bb button_one_url=\u00bbhttps:\/\/sapad.gob.mx\/historico\/donde-pagar\/\u00bb button_two_text=\u00bb\u00bfD\u00f3nde reportar?\u00bb button_two_url=\u00bbhttps:\/\/sapad.gob.mx\/historico\/tramites\/\u00bb content_max_width=\u00bb900px\u00bb _builder_version=\u00bb3.19.12&#8243; title_font=\u00bbPoppins|600||on|||||\u00bb title_font_size=\u00bb15px\u00bb title_letter_spacing=\u00bb4px\u00bb title_line_height=\u00bb1.8em\u00bb content_font=\u00bb||||||||\u00bb content_font_size_last_edited=\u00bboff|desktop\u00bb subhead_font=\u00bbRaleway|700|||||||\u00bb subhead_font_size=\u00bb60px\u00bb subhead_font_size_tablet=\u00bb36px\u00bb subhead_font_size_phone=\u00bb24px\u00bb subhead_font_size_last_edited=\u00bbon|tablet\u00bb subhead_line_height=\u00bb1.3em\u00bb background_color=\u00bbrgba(126,190,197,0)\u00bb use_background_color_gradient=\u00bbon\u00bb background_color_gradient_start=\u00bb#000dff\u00bb background_color_gradient_end=\u00bbrgba(0,13,255,0.35)\u00bb background_color_gradient_direction=\u00bb90deg\u00bb background_color_gradient_start_position=\u00bb25%\u00bb background_color_gradient_end_position=\u00bb75%\u00bb background_color_gradient_overlays_image=\u00bbon\u00bb custom_button_two=\u00bbon\u00bb button_two_text_size=\u00bb14px\u00bb button_two_text_color=\u00bb#0c71c3&#8243; button_two_bg_color=\u00bb#ffffff\u00bb button_two_border_width=\u00bb12px\u00bb button_two_border_color=\u00bb#ffffff\u00bb button_two_letter_spacing=\u00bb2px\u00bb button_two_font=\u00bbPoppins|600||on|||||\u00bb button_two_icon=\u00bb%%75%%\u00bb custom_button_one=\u00bbon\u00bb button_one_text_size=\u00bb14px\u00bb button_one_text_color=\u00bb#0c71c3&#8243; button_one_bg_color=\u00bb#ffffff\u00bb button_one_border_width=\u00bb12px\u00bb button_one_border_color=\u00bb#ffffff\u00bb button_one_letter_spacing=\u00bb2px\u00bb button_one_font=\u00bbPoppins|600||on|||||\u00bb button_one_icon=\u00bb%%45%%\u00bb button_one_icon_color=\u00bb#0c71c3&#8243; box_shadow_style_button_one=\u00bbpreset1&#8243; custom_padding=\u00bb10vw||28vw|\u00bb button_one_letter_spacing_hover=\u00bb2px\u00bb button_two_letter_spacing_hover=\u00bb2px\u00bb inline_fonts=\u00bbPoppins\u00bb button_one_text_size__hover_enabled=\u00bboff\u00bb button_two_text_size__hover_enabled=\u00bboff\u00bb button_one_text_color__hover_enabled=\u00bboff\u00bb button_two_text_color__hover_enabled=\u00bboff\u00bb button_one_border_width__hover_enabled=\u00bboff\u00bb button_two_border_width__hover_enabled=\u00bboff\u00bb button_one_border_color__hover_enabled=\u00bboff\u00bb button_two_border_color__hover_enabled=\u00bboff\u00bb button_one_border_radius__hover_enabled=\u00bboff\u00bb button_two_border_radius__hover_enabled=\u00bboff\u00bb button_one_letter_spacing__hover_enabled=\u00bbon\u00bb button_one_letter_spacing__hover=\u00bb2px\u00bb button_two_letter_spacing__hover_enabled=\u00bbon\u00bb button_two_letter_spacing__hover=\u00bb2px\u00bb button_one_bg_color__hover_enabled=\u00bboff\u00bb button_two_bg_color__hover_enabled=\u00bboff\u00bb]<\/p>\n<h1><span style=\"font-size: xx-large;\"><strong><span style=\"font-family: Poppins;\"><\/span><\/strong><\/span><\/h1>\n<h1><span style=\"font-size: xx-large;\"><strong><span style=\"font-family: Poppins;\">2018 &#8211; 2021<\/span><\/strong><\/span><\/h1>\n<p>[\/et_pb_fullwidth_header][\/et_pb_section][et_pb_section fb_built=\u00bb1&#8243; _builder_version=\u00bb3.3.1&#8243; custom_margin=\u00bb||50px||false\u00bb custom_margin_phone=\u00bb||0px|\u00bb custom_margin_last_edited=\u00bbon|phone\u00bb custom_padding=\u00bb0px||0||false|false\u00bb][et_pb_row use_custom_width=\u00bbon\u00bb width_unit=\u00bboff\u00bb custom_width_percent=\u00bb100%\u00bb custom_padding=\u00bb0|0px||0px|false|false\u00bb custom_margin=\u00bb|||\u00bb _builder_version=\u00bb3.3.1&#8243;][et_pb_column type=\u00bb4_4&#8243; _builder_version=\u00bb3.0.47&#8243; parallax=\u00bboff\u00bb parallax_method=\u00bbon\u00bb][et_pb_text _builder_version=\u00bb3.3.1&#8243; text_font=\u00bbRaleway|800|||||||\u00bb text_font_size=\u00bb27vw\u00bb text_font_size_last_edited=\u00bbon|tablet\u00bb text_line_height=\u00bb0.8em\u00bb header_font=\u00bb||||||||\u00bb background_layout=\u00bbdark\u00bb custom_margin=\u00bb-14vw|||-2%\u00bb animation_style=\u00bbslide\u00bb animation_direction=\u00bbbottom\u00bb animation_intensity_slide=\u00bb5%\u00bb animation_starting_opacity=\u00bb100%\u00bb]<\/p>\n<p><span color=\"#e09900\" style=\"color: #e09900;\">SAPAD<\/span><\/p>\n<p>[\/et_pb_text][\/et_pb_column][\/et_pb_row][\/et_pb_section][et_pb_section fb_built=\u00bb1&#8243; use_custom_gutter=\u00bbon\u00bb specialty=\u00bbon\u00bb padding_top_1=\u00bb0px\u00bb admin_label=\u00bbService Section\u00bb _builder_version=\u00bb3.3.1&#8243; custom_padding=\u00bb0|0px|20px|0px|false|false\u00bb][et_pb_column type=\u00bb1_3&#8243; _builder_version=\u00bb3.0.47&#8243; padding_top__hover=\u00bb0px\u00bb parallax__hover=\u00bboff\u00bb parallax_method__hover=\u00bbon\u00bb padding_top=\u00bb0px\u00bb parallax=\u00bboff\u00bb parallax_method=\u00bbon\u00bb][et_pb_image src=\u00bbhttps:\/\/sapad.gob.mx\/historico\/wp-content\/uploads\/2019\/02\/SAPAD2-1.jpg\u00bb _builder_version=\u00bb3.19.12&#8243; max_width_tablet=\u00bb300px\u00bb max_width_last_edited=\u00bbon|tablet\u00bb custom_margin=\u00bb|||-60%\u00bb custom_margin_tablet=\u00bb|||0px\u00bb custom_margin_last_edited=\u00bbon|tablet\u00bb animation_style=\u00bbslide\u00bb animation_direction=\u00bbright\u00bb animation_intensity_slide=\u00bb6%\u00bb][\/et_pb_image][\/et_pb_column][et_pb_column type=\u00bb2_3&#8243; specialty_columns=\u00bb2&#8243; _builder_version=\u00bb3.0.47&#8243; parallax__hover=\u00bboff\u00bb parallax_method__hover=\u00bbon\u00bb parallax=\u00bboff\u00bb parallax_method=\u00bbon\u00bb][et_pb_row_inner custom_padding=\u00bb0|0px|0|0px|false|false\u00bb _builder_version=\u00bb3.2&#8243;][et_pb_column_inner type=\u00bb4_4&#8243; saved_specialty_column_type=\u00bb2_3&#8243; _builder_version=\u00bb3.0.47&#8243; parallax__hover=\u00bboff\u00bb parallax_method__hover=\u00bbon\u00bb parallax=\u00bboff\u00bb parallax_method=\u00bbon\u00bb][et_pb_text _builder_version=\u00bb3.3.1&#8243; ul_font=\u00bb||||||||\u00bb ol_font=\u00bb||||||||\u00bb header_font=\u00bb||||||||\u00bb header_2_font=\u00bbRaleway|700|||||||\u00bb header_2_font_size=\u00bb56px\u00bb header_2_font_size_tablet=\u00bb36px\u00bb header_2_font_size_last_edited=\u00bbon|phone\u00bb header_2_line_height=\u00bb1.2em\u00bb custom_margin=\u00bb||20px|\u00bb]<\/p>\n<h2>Bienvenido\u00a0<\/h2>\n<p>[\/et_pb_text][\/et_pb_column_inner][\/et_pb_row_inner][et_pb_row_inner _builder_version=\u00bb3.2&#8243;][et_pb_column_inner type=\u00bb4_4&#8243; saved_specialty_column_type=\u00bb2_3&#8243; _builder_version=\u00bb3.0.47&#8243; parallax__hover=\u00bboff\u00bb parallax_method__hover=\u00bbon\u00bb parallax=\u00bboff\u00bb parallax_method=\u00bbon\u00bb][et_pb_text _builder_version=\u00bb3.3.1&#8243; text_font=\u00bbPoppins||||||||\u00bb text_font_size=\u00bb16px\u00bb text_line_height=\u00bb1.8em\u00bb link_font=\u00bbPoppins|600||on|on|||rgba(0,0,0,0.13)|\u00bb link_text_color=\u00bb#27cb8b\u00bb link_font_size=\u00bb13px\u00bb link_letter_spacing=\u00bb2px\u00bb header_font=\u00bb||||||||\u00bb header_3_font=\u00bbRaleway|700|||||||\u00bb header_3_line_height=\u00bb1.6em\u00bb]<\/p>\n<h3 style=\"text-align: justify;\"><span style=\"font-size: xx-large;\">El Sistema de Agua Potable y Alcantarillado Descentralizado Los Reyes es un organismo operador legalmente constituido el 5 de enero de 1995.<\/span><\/h3>\n<h3 style=\"text-align: justify;\"><span style=\"font-size: xx-large;\">Nuestra principal actividad es la captaci\u00f3n, conducci\u00f3n, tratamiento y distribuci\u00f3n del agua.\u00a0<\/span><\/h3>\n<p>[\/et_pb_text][et_pb_button button_url=\u00bbhttps:\/\/sapad.gob.mx\/historico\/conocenos\/\u00bb button_text=\u00bbConoce m\u00e1s de SAPAD\u00bb _builder_version=\u00bb3.19.12&#8243; custom_button=\u00bbon\u00bb button_text_size=\u00bb14px\u00bb button_text_color=\u00bb#ffffff\u00bb button_bg_color=\u00bb#0c71c3&#8243; button_border_width=\u00bb12px\u00bb button_border_color=\u00bb#0c71c3&#8243; button_letter_spacing=\u00bb2px\u00bb button_font=\u00bbPoppins|600||on|||||\u00bb button_icon=\u00bb%%246%%\u00bb background_layout=\u00bbdark\u00bb animation_style=\u00bbslide\u00bb animation_direction=\u00bbtop\u00bb animation_intensity_slide=\u00bb20%\u00bb locked=\u00bboff\u00bb button_text_size__hover_enabled=\u00bboff\u00bb button_one_text_size__hover_enabled=\u00bboff\u00bb button_two_text_size__hover_enabled=\u00bboff\u00bb button_text_color__hover_enabled=\u00bboff\u00bb button_one_text_color__hover_enabled=\u00bboff\u00bb button_two_text_color__hover_enabled=\u00bboff\u00bb button_border_width__hover_enabled=\u00bboff\u00bb button_one_border_width__hover_enabled=\u00bboff\u00bb button_two_border_width__hover_enabled=\u00bboff\u00bb button_border_color__hover_enabled=\u00bboff\u00bb button_one_border_color__hover_enabled=\u00bboff\u00bb button_two_border_color__hover_enabled=\u00bboff\u00bb button_border_radius__hover_enabled=\u00bboff\u00bb button_one_border_radius__hover_enabled=\u00bboff\u00bb button_two_border_radius__hover_enabled=\u00bboff\u00bb button_letter_spacing__hover_enabled=\u00bboff\u00bb button_one_letter_spacing__hover_enabled=\u00bboff\u00bb button_two_letter_spacing__hover_enabled=\u00bboff\u00bb button_bg_color__hover_enabled=\u00bboff\u00bb button_one_bg_color__hover_enabled=\u00bboff\u00bb button_two_bg_color__hover_enabled=\u00bboff\u00bb][\/et_pb_button][\/et_pb_column_inner][\/et_pb_row_inner][\/et_pb_column][\/et_pb_section][et_pb_section fb_built=\u00bb1&#8243; custom_padding_last_edited=\u00bboff|desktop\u00bb admin_label=\u00bbAbout Section\u00bb _builder_version=\u00bb3.3.1&#8243; background_color=\u00bb#edf1f4&#8243; max_width=\u00bb96%\u00bb module_alignment=\u00bbright\u00bb custom_margin=\u00bb||100px|\u00bb custom_padding=\u00bb0||0px||false|false\u00bb custom_padding_tablet=\u00bb||120px|\u00bb][et_pb_row custom_padding=\u00bb37px|0px|27px|0px|false|false\u00bb _builder_version=\u00bb3.3.1&#8243; animation_style=\u00bbslide\u00bb animation_direction=\u00bbright\u00bb animation_intensity_slide=\u00bb1%\u00bb locked=\u00bboff\u00bb][et_pb_column type=\u00bb2_3&#8243; _builder_version=\u00bb3.0.47&#8243; parallax=\u00bboff\u00bb parallax_method=\u00bbon\u00bb][et_pb_text _builder_version=\u00bb3.19.12&#8243; text_font=\u00bb||||||||\u00bb header_font=\u00bb||||||||\u00bb header_2_font=\u00bbRaleway|700|||||||\u00bb header_2_font_size=\u00bb56px\u00bb header_2_font_size_tablet=\u00bb36px\u00bb header_2_font_size_last_edited=\u00bbon|desktop\u00bb header_2_line_height=\u00bb1.4em\u00bb custom_margin=\u00bb||20px|\u00bb]<\/p>\n<h2>Nuestros servicios<\/h2>\n<p>[\/et_pb_text][et_pb_text _builder_version=\u00bb3.3.1&#8243; text_font=\u00bbPoppins||||||||\u00bb text_font_size=\u00bb16px\u00bb text_line_height=\u00bb1.8em\u00bb link_font=\u00bbPoppins|600||on|on|||rgba(0,0,0,0.13)|\u00bb link_text_color=\u00bb#27cb8b\u00bb link_font_size=\u00bb13px\u00bb link_letter_spacing=\u00bb2px\u00bb header_font=\u00bb||||||||\u00bb header_3_font=\u00bbRaleway|700|||||||\u00bb header_3_line_height=\u00bb1.6em\u00bb]<\/p>\n<p><span style=\"font-size: xx-large;\">Mejoramiento, mantenimiento y ampliaci\u00f3n de las redes de agua potable y alcantarillado.<\/span><\/p>\n<p><span style=\"font-size: xx-large;\">Conexi\u00f3n de drenaje. <\/span><\/p>\n<p><span style=\"font-size: xx-large;\">Verificar tomas. Solicitud de contratos y constancias. <\/span><\/p>\n<p><span style=\"font-size: xx-large;\">Y mucho m\u00e1s.<\/span><\/p>\n<p><span style=\"font-size: xx-large;\"><\/span><\/p>\n<p>[\/et_pb_text][et_pb_text _builder_version=\u00bb3.3.1&#8243; text_font=\u00bbPoppins||||||||\u00bb text_font_size=\u00bb16px\u00bb text_line_height=\u00bb1.8em\u00bb][\/et_pb_text][et_pb_button button_url=\u00bbhttps:\/\/sapad.gob.mx\/historico\/tramites\/\u00bb button_text=\u00bbConoce todos nuestro  servicios\u00bb _builder_version=\u00bb3.19.12&#8243; custom_button=\u00bbon\u00bb button_text_size=\u00bb14px\u00bb button_text_color=\u00bb#ffffff\u00bb button_bg_color=\u00bb#0c71c3&#8243; button_border_width=\u00bb12px\u00bb button_border_color=\u00bb#0c71c3&#8243; button_letter_spacing=\u00bb2px\u00bb button_font=\u00bbPoppins|600||on|||||\u00bb button_icon=\u00bb%%264%%\u00bb background_layout=\u00bbdark\u00bb animation_style=\u00bbslide\u00bb animation_direction=\u00bbtop\u00bb animation_intensity_slide=\u00bb20%\u00bb locked=\u00bboff\u00bb button_text_size__hover_enabled=\u00bboff\u00bb button_one_text_size__hover_enabled=\u00bboff\u00bb button_two_text_size__hover_enabled=\u00bboff\u00bb button_text_color__hover_enabled=\u00bboff\u00bb button_one_text_color__hover_enabled=\u00bboff\u00bb button_two_text_color__hover_enabled=\u00bboff\u00bb button_border_width__hover_enabled=\u00bboff\u00bb button_one_border_width__hover_enabled=\u00bboff\u00bb button_two_border_width__hover_enabled=\u00bboff\u00bb button_border_color__hover_enabled=\u00bboff\u00bb button_one_border_color__hover_enabled=\u00bboff\u00bb button_two_border_color__hover_enabled=\u00bboff\u00bb button_border_radius__hover_enabled=\u00bboff\u00bb button_one_border_radius__hover_enabled=\u00bboff\u00bb button_two_border_radius__hover_enabled=\u00bboff\u00bb button_letter_spacing__hover_enabled=\u00bboff\u00bb button_one_letter_spacing__hover_enabled=\u00bboff\u00bb button_two_letter_spacing__hover_enabled=\u00bboff\u00bb button_bg_color__hover_enabled=\u00bboff\u00bb button_one_bg_color__hover_enabled=\u00bboff\u00bb button_two_bg_color__hover_enabled=\u00bboff\u00bb][\/et_pb_button][\/et_pb_column][et_pb_column type=\u00bb1_3&#8243; _builder_version=\u00bb3.0.47&#8243; parallax=\u00bboff\u00bb parallax_method=\u00bbon\u00bb][et_pb_image src=\u00bbhttps:\/\/sapad.gob.mx\/historico\/wp-content\/uploads\/2019\/02\/SAPAD0-1.jpg\u00bb _builder_version=\u00bb3.19.12&#8243; max_width_tablet=\u00bb300px\u00bb max_width_last_edited=\u00bbon|tablet\u00bb custom_margin=\u00bb|-40%||\u00bb custom_margin_tablet=\u00bb|0%||\u00bb custom_margin_last_edited=\u00bbon|phone\u00bb animation_style=\u00bbroll\u00bb animation_delay=\u00bb50ms\u00bb animation_intensity_roll=\u00bb15%\u00bb][\/et_pb_image][\/et_pb_column][\/et_pb_row][\/et_pb_section][et_pb_section fb_built=\u00bb1&#8243; admin_label=\u00bbFooter\u00bb _builder_version=\u00bb3.3.1&#8243; custom_padding=\u00bb0||0||true|false\u00bb global_module=\u00bb214&#8243; saved_tabs=\u00bball\u00bb][et_pb_row _builder_version=\u00bb3.3.1&#8243;][et_pb_column type=\u00bb4_4&#8243; _builder_version=\u00bb3.0.47&#8243; parallax=\u00bboff\u00bb parallax_method=\u00bbon\u00bb][et_pb_text _builder_version=\u00bb3.19.12&#8243;]<\/p>\n<p><span style=\"font-size: xx-large;\"><strong><\/strong><\/span><\/p>\n<p><span style=\"font-size: xx-large;\"><strong><\/strong><\/span><\/p>\n<p><span style=\"font-size: xx-large;\"><strong>S\u00edguenos en Facebook <\/strong><\/span><\/p>\n<p><span style=\"font-size: xx-large;\"><strong>SAPAD Los Reyes 2018 &#8211; 2021<\/strong><\/span><\/p>\n<p>[\/et_pb_text][et_pb_social_media_follow _builder_version=\u00bb3.19.12&#8243; border_radii=\u00bbon|50px|50px|50px|50px\u00bb border_width_all=\u00bb5px\u00bb text_orientation=\u00bbleft\u00bb][et_pb_social_media_follow_network social_network=\u00bbfacebook\u00bb url=\u00bbhttps:\/\/www.facebook.com\/sapadlosreyes2018.2021\/\u00bb _builder_version=\u00bb3.19.12&#8243; background_color=\u00bb#000dff\u00bb border_width_all=\u00bb12px\u00bb border_color_all=\u00bbrgba(0,0,0,0)\u00bb follow_button=\u00bboff\u00bb url_new_window=\u00bbon\u00bb]facebook[\/et_pb_social_media_follow_network][\/et_pb_social_media_follow][\/et_pb_column][\/et_pb_row][et_pb_row _builder_version=\u00bb3.3.1&#8243;][et_pb_column type=\u00bb1_4&#8243; _builder_version=\u00bb3.0.47&#8243; parallax=\u00bboff\u00bb parallax_method=\u00bbon\u00bb][et_pb_text _builder_version=\u00bb3.3.1&#8243; header_font=\u00bb||||||||\u00bb header_4_font=\u00bbRaleway|700|||||||\u00bb header_4_font_size=\u00bb22px\u00bb header_4_line_height=\u00bb1.4em\u00bb custom_margin=\u00bb||10px|\u00bb]<\/p>\n<h4>Oficinas\u00a0<\/h4>\n<p>[\/et_pb_text][et_pb_text _builder_version=\u00bb3.3.1&#8243; text_font=\u00bbPoppins||||||||\u00bb text_font_size=\u00bb16px\u00bb text_line_height=\u00bb1.6em\u00bb]<\/p>\n<p>Ignacio Zaragoza\u00a0 No. 9\u00a0 \u00a0 \u00a0 \u00a0<\/p>\n<p>Colonia Centro\u00a0 \u00a0 \u00a0 \u00a0 \u00a0 \u00a0 \u00a0 \u00a0 \u00a0 \u00a0<\/p>\n<p>Los Reyes de Salgado, Mich.<\/p>\n<p>[\/et_pb_text][\/et_pb_column][et_pb_column type=\u00bb1_4&#8243; _builder_version=\u00bb3.0.47&#8243; parallax=\u00bboff\u00bb parallax_method=\u00bbon\u00bb][et_pb_text _builder_version=\u00bb3.19.12&#8243; header_font=\u00bb||||||||\u00bb header_4_font=\u00bbRaleway|700|||||||\u00bb header_4_font_size=\u00bb22px\u00bb header_4_line_height=\u00bb1.4em\u00bb custom_margin=\u00bb||10px|\u00bb]<\/p>\n<h4>Contactanos<\/h4>\n<p>[\/et_pb_text][et_pb_text ul_type=\u00bbnone\u00bb ul_item_indent=\u00bb1px\u00bb _builder_version=\u00bb3.3.1&#8243; text_font=\u00bb||||||||\u00bb ul_font=\u00bbPoppins||||||||\u00bb ul_font_size=\u00bb16px\u00bb ul_line_height=\u00bb2em\u00bb]<\/p>\n<ul>\n<li><a href=\"mailto:hello@divijobs.com\">aguareyes@live.com.mx<\/a><br \/>(354) 54\u00a0 2 5700<\/li>\n<\/ul>\n<p>[\/et_pb_text][\/et_pb_column][et_pb_column type=\u00bb1_2&#8243; _builder_version=\u00bb3.0.47&#8243; parallax=\u00bboff\u00bb parallax_method=\u00bbon\u00bb][\/et_pb_column][\/et_pb_row][\/et_pb_section]<\/p>\n","protected":false},"excerpt":{"rendered":"<p>2018 &#8211; 2021SAPADBienvenido\u00a0El Sistema de Agua Potable y Alcantarillado Descentralizado Los Reyes es un organismo operador legalmente constituido el 5 de enero de 1995. Nuestra principal actividad es la captaci\u00f3n, conducci\u00f3n, tratamiento y distribuci\u00f3n del agua.\u00a0Nuestros serviciosMejoramiento, mantenimiento y ampliaci\u00f3n de las redes de agua potable y alcantarillado. Conexi\u00f3n de drenaje. Verificar tomas. Solicitud de [&hellip;]<\/p>\n","protected":false},"author":1,"featured_media":0,"parent":0,"menu_order":0,"comment_status":"closed","ping_status":"closed","template":"","meta":{"_et_pb_use_builder":"on","_et_pb_old_content":"","_et_gb_content_width":"","footnotes":""},"class_list":["post-6","page","type-page","status-publish","hentry"],"_links":{"self":[{"href":"https:\/\/sapad.gob.mx\/historico\/wp-json\/wp\/v2\/pages\/6","targetHints":{"allow":["GET"]}}],"collection":[{"href":"https:\/\/sapad.gob.mx\/historico\/wp-json\/wp\/v2\/pages"}],"about":[{"href":"https:\/\/sapad.gob.mx\/historico\/wp-json\/wp\/v2\/types\/page"}],"author":[{"embeddable":true,"href":"https:\/\/sapad.gob.mx\/historico\/wp-json\/wp\/v2\/users\/1"}],"replies":[{"embeddable":true,"href":"https:\/\/sapad.gob.mx\/historico\/wp-json\/wp\/v2\/comments?post=6"}],"version-history":[{"count":24,"href":"https:\/\/sapad.gob.mx\/historico\/wp-json\/wp\/v2\/pages\/6\/revisions"}],"predecessor-version":[{"id":356,"href":"https:\/\/sapad.gob.mx\/historico\/wp-json\/wp\/v2\/pages\/6\/revisions\/356"}],"wp:attachment":[{"href":"https:\/\/sapad.gob.mx\/historico\/wp-json\/wp\/v2\/media?parent=6"}],"curies":[{"name":"wp","href":"https:\/\/api.w.org\/{rel}","templated":true}]}}